{"id":1875,"date":"2024-12-03T12:47:55","date_gmt":"2024-12-03T11:47:55","guid":{"rendered":"https:\/\/onewood.dkvare\/8427-skoreol-4-hylder\/"},"modified":"2025-02-07T12:38:48","modified_gmt":"2025-02-07T11:38:48","slug":"8427-skoreol-4-hylder","status":"publish","type":"product","link":"https:\/\/onewood.dk\/sv\/product\/8427-skostall-4-hyllor\/","title":{"rendered":"8427 \u2013 Skost\u00e4ll 4 hyllor"},"content":{"rendered":"<p>Skost\u00e4ll i 15mm vitpigmenterad bj\u00f6rkplywood<\/p>\n<p>Skost\u00e4ll med aluminiumr\u00f6r som f\u00f6rhindrar korrosion.<\/p>\n<p>Undvik kaos i din garderob. F\u00e5 kontroll \u00f6ver dina skor p\u00e5 ett enkelt och \u00f6versk\u00e5dligt s\u00e4tt.<\/p>\n<p>4 par st\u00f6vlar\/skor p\u00e5 varje hylla.<\/p>\n<p>Hyllan \u00e4r gjord av bra och stark konstruktion, men samtidigt i en enkel och elegant design.<\/p>\n<p>Skost\u00e4llet kommer med hjul s\u00e5 det \u00e4r l\u00e4tt att flytta det f\u00f6r reng\u00f6ring.<\/p>\n<p>Onewood rekommenderar att den f\u00e4sts p\u00e5 v\u00e4ggen med f\u00e4sten som \u00e4r l\u00e4tta att l\u00e5sa upp och hyllan kan flyttas.<\/p>\n<p><strong>Ytterligare k\u00f6p:<\/strong><\/p>\n<p>V\u00e4ggf\u00e4ste<br \/>\nDroppbricka med laminat<br \/>\nAluminium droppbricka med liten x-b\u00f6j s\u00e5 vatten och smuts kan rinna mot mitten och avdunsta<\/p>","protected":false},"excerpt":{"rendered":"<p>Skohylla i 15 mm vitpigmenterad bj\u00f6rkplywood. Skohylla med aluminiumr\u00f6r som f\u00f6rhindrar korrosion. Undvik kaos i garderoben. F\u00e5 kontroll \u00f6ver dina skor p\u00e5 ett enkelt och ordnat s\u00e4tt. 4 par st\u00f6vlar\/skor p\u00e5 varje hyllplan. Hyllan \u00e4r tillverkad av god och stark konstruktion, men samtidigt i en enkel och elegant design. Skohyllan levereras med hjul s\u00e5 den \u00e4r [\u2026]<\/p>","protected":false},"featured_media":4256,"template":"","meta":[],"product_brand":[],"product_cat":[555,674],"product_tag":[],"class_list":{"0":"post-1875","1":"product","2":"type-product","3":"status-publish","4":"has-post-thumbnail","6":"product_cat-garderober-tilbehoer","7":"product_cat-skoreol","9":"first","10":"instock","11":"product-type-simple"},"yoast_head":"<!-- This site is optimized with the Yoast SEO plugin v24.4 - https:\/\/yoast.com\/wordpress\/plugins\/seo\/ -->\n<title>8427 - Skoreol 4 hylder | One Wood Furniture A\/S<\/title>\n<meta name=\"robots\" content=\"index, follow, max-snippet:-1, max-image-preview:large, max-video-preview:-1\" \/>\n<link rel=\"canonical\" href=\"https:\/\/onewood.dk\/sv\/product\/8427-skostall-4-hyllor\/\" \/>\n<meta property=\"og:locale\" content=\"sv_SE\" \/>\n<meta property=\"og:type\" content=\"article\" \/>\n<meta property=\"og:title\" content=\"8427 - Skoreol 4 hylder | One Wood Furniture A\/S\" \/>\n<meta property=\"og:description\" content=\"Skoreol i 15mm hvidpigmenteret birkekrydsfiner Skoreol med aluminiums r\u00f8r som forhindrer korrosion. Undg\u00e5 kaos i garderobe. F\u00e5 styr p\u00e5 fodt\u00f8jet p\u00e5 en nem og ordentlig m\u00e5de. 4 par st\u00f8vler\/sko p\u00e5 hver hylde. Reolen er fremstillet i god og kraftig konstruktion, men samtidig i et enkelt og elegant design. Skoreolen leveres med hjul s\u00e5 det er [&hellip;]\" \/>\n<meta property=\"og:url\" content=\"https:\/\/onewood.dk\/sv\/product\/8427-skostall-4-hyllor\/\" \/>\n<meta property=\"og:site_name\" content=\"One Wood Furniture A\/S\" \/>\n<meta property=\"article:modified_time\" content=\"2025-02-07T11:38:48+00:00\" \/>\n<meta property=\"og:image\" content=\"https:\/\/onewood.dk\/wp-content\/uploads\/2024\/12\/6122-scaled.jpg\" \/>\n\t<meta property=\"og:image:width\" content=\"2560\" \/>\n\t<meta property=\"og:image:height\" content=\"1707\" \/>\n\t<meta property=\"og:image:type\" content=\"image\/jpeg\" \/>\n<meta name=\"twitter:card\" content=\"summary_large_image\" \/>\n<meta name=\"twitter:label1\" content=\"Ber\u00e4knad l\u00e4stid\" \/>\n\t<meta name=\"twitter:data1\" content=\"1 minut\" \/>\n<script type=\"application\/ld+json\" class=\"yoast-schema-graph\">{\"@context\":\"https:\/\/schema.org\",\"@graph\":[{\"@type\":\"WebPage\",\"@id\":\"https:\/\/onewood.dk\/vare\/8427-skoreol-4-hylder\/\",\"url\":\"https:\/\/onewood.dk\/vare\/8427-skoreol-4-hylder\/\",\"name\":\"8427 - Skoreol 4 hylder | One Wood Furniture A\/S\",\"isPartOf\":{\"@id\":\"https:\/\/onewood.dk\/#website\"},\"primaryImageOfPage\":{\"@id\":\"https:\/\/onewood.dk\/vare\/8427-skoreol-4-hylder\/#primaryimage\"},\"image\":{\"@id\":\"https:\/\/onewood.dk\/vare\/8427-skoreol-4-hylder\/#primaryimage\"},\"thumbnailUrl\":\"https:\/\/onewood.dk\/wp-content\/uploads\/2024\/12\/6122-scaled.jpg\",\"datePublished\":\"2024-12-03T11:47:55+00:00\",\"dateModified\":\"2025-02-07T11:38:48+00:00\",\"breadcrumb\":{\"@id\":\"https:\/\/onewood.dk\/vare\/8427-skoreol-4-hylder\/#breadcrumb\"},\"inLanguage\":\"sv-SE\",\"potentialAction\":[{\"@type\":\"ReadAction\",\"target\":[\"https:\/\/onewood.dk\/vare\/8427-skoreol-4-hylder\/\"]}]},{\"@type\":\"ImageObject\",\"inLanguage\":\"sv-SE\",\"@id\":\"https:\/\/onewood.dk\/vare\/8427-skoreol-4-hylder\/#primaryimage\",\"url\":\"https:\/\/onewood.dk\/wp-content\/uploads\/2024\/12\/6122-scaled.jpg\",\"contentUrl\":\"https:\/\/onewood.dk\/wp-content\/uploads\/2024\/12\/6122-scaled.jpg\",\"width\":2560,\"height\":1707},{\"@type\":\"BreadcrumbList\",\"@id\":\"https:\/\/onewood.dk\/vare\/8427-skoreol-4-hylder\/#breadcrumb\",\"itemListElement\":[{\"@type\":\"ListItem\",\"position\":1,\"name\":\"Varer\",\"item\":\"https:\/\/onewood.dk\/shop\/\"},{\"@type\":\"ListItem\",\"position\":2,\"name\":\"Garderober &amp; tilbeh\u00f8r\",\"item\":\"https:\/\/onewood.dk\/vare-kategori\/garderober-tilbehoer\/\"},{\"@type\":\"ListItem\",\"position\":3,\"name\":\"Skoreol\",\"item\":\"https:\/\/onewood.dk\/vare-kategori\/garderober-tilbehoer\/skoreol\/\"},{\"@type\":\"ListItem\",\"position\":4,\"name\":\"8427 &#8211; Skoreol 4 hylder\"}]},{\"@type\":\"WebSite\",\"@id\":\"https:\/\/onewood.dk\/#website\",\"url\":\"https:\/\/onewood.dk\/\",\"name\":\"One Wood Furniture A\/S\",\"description\":\"\",\"publisher\":{\"@id\":\"https:\/\/onewood.dk\/#organization\"},\"potentialAction\":[{\"@type\":\"SearchAction\",\"target\":{\"@type\":\"EntryPoint\",\"urlTemplate\":\"https:\/\/onewood.dk\/?s={search_term_string}\"},\"query-input\":{\"@type\":\"PropertyValueSpecification\",\"valueRequired\":true,\"valueName\":\"search_term_string\"}}],\"inLanguage\":\"sv-SE\"},{\"@type\":\"Organization\",\"@id\":\"https:\/\/onewood.dk\/#organization\",\"name\":\"One Wood Furniture A\/S\",\"url\":\"https:\/\/onewood.dk\/\",\"logo\":{\"@type\":\"ImageObject\",\"inLanguage\":\"sv-SE\",\"@id\":\"https:\/\/onewood.dk\/#\/schema\/logo\/image\/\",\"url\":\"https:\/\/onewood.dk\/wp-content\/uploads\/2024\/12\/Logo.png\",\"contentUrl\":\"https:\/\/onewood.dk\/wp-content\/uploads\/2024\/12\/Logo.png\",\"width\":180,\"height\":90,\"caption\":\"One Wood Furniture A\/S\"},\"image\":{\"@id\":\"https:\/\/onewood.dk\/#\/schema\/logo\/image\/\"}}]}<\/script>\n<!-- \/ Yoast SEO plugin. -->","yoast_head_json":{"title":"8427 - Skoreol 4 hylder | One Wood Furniture A\/S","robots":{"index":"index","follow":"follow","max-snippet":"max-snippet:-1","max-image-preview":"max-image-preview:large","max-video-preview":"max-video-preview:-1"},"canonical":"https:\/\/onewood.dk\/sv\/product\/8427-skostall-4-hyllor\/","og_locale":"sv_SE","og_type":"article","og_title":"8427 - Skoreol 4 hylder | One Wood Furniture A\/S","og_description":"Skoreol i 15mm hvidpigmenteret birkekrydsfiner Skoreol med aluminiums r\u00f8r som forhindrer korrosion. Undg\u00e5 kaos i garderobe. F\u00e5 styr p\u00e5 fodt\u00f8jet p\u00e5 en nem og ordentlig m\u00e5de. 4 par st\u00f8vler\/sko p\u00e5 hver hylde. Reolen er fremstillet i god og kraftig konstruktion, men samtidig i et enkelt og elegant design. Skoreolen leveres med hjul s\u00e5 det er [&hellip;]","og_url":"https:\/\/onewood.dk\/sv\/product\/8427-skostall-4-hyllor\/","og_site_name":"One Wood Furniture A\/S","article_modified_time":"2025-02-07T11:38:48+00:00","og_image":[{"width":2560,"height":1707,"url":"https:\/\/onewood.dk\/wp-content\/uploads\/2024\/12\/6122-scaled.jpg","type":"image\/jpeg"}],"twitter_card":"summary_large_image","twitter_misc":{"Ber\u00e4knad l\u00e4stid":"1 minut"},"schema":{"@context":"https:\/\/schema.org","@graph":[{"@type":"WebPage","@id":"https:\/\/onewood.dk\/vare\/8427-skoreol-4-hylder\/","url":"https:\/\/onewood.dk\/vare\/8427-skoreol-4-hylder\/","name":"8427 - Skoreol 4 hylder | One Wood Furniture A\/S","isPartOf":{"@id":"https:\/\/onewood.dk\/#website"},"primaryImageOfPage":{"@id":"https:\/\/onewood.dk\/vare\/8427-skoreol-4-hylder\/#primaryimage"},"image":{"@id":"https:\/\/onewood.dk\/vare\/8427-skoreol-4-hylder\/#primaryimage"},"thumbnailUrl":"https:\/\/onewood.dk\/wp-content\/uploads\/2024\/12\/6122-scaled.jpg","datePublished":"2024-12-03T11:47:55+00:00","dateModified":"2025-02-07T11:38:48+00:00","breadcrumb":{"@id":"https:\/\/onewood.dk\/vare\/8427-skoreol-4-hylder\/#breadcrumb"},"inLanguage":"sv-SE","potentialAction":[{"@type":"ReadAction","target":["https:\/\/onewood.dk\/vare\/8427-skoreol-4-hylder\/"]}]},{"@type":"ImageObject","inLanguage":"sv-SE","@id":"https:\/\/onewood.dk\/vare\/8427-skoreol-4-hylder\/#primaryimage","url":"https:\/\/onewood.dk\/wp-content\/uploads\/2024\/12\/6122-scaled.jpg","contentUrl":"https:\/\/onewood.dk\/wp-content\/uploads\/2024\/12\/6122-scaled.jpg","width":2560,"height":1707},{"@type":"BreadcrumbList","@id":"https:\/\/onewood.dk\/vare\/8427-skoreol-4-hylder\/#breadcrumb","itemListElement":[{"@type":"ListItem","position":1,"name":"Varer","item":"https:\/\/onewood.dk\/shop\/"},{"@type":"ListItem","position":2,"name":"Garderober &amp; tilbeh\u00f8r","item":"https:\/\/onewood.dk\/vare-kategori\/garderober-tilbehoer\/"},{"@type":"ListItem","position":3,"name":"Skoreol","item":"https:\/\/onewood.dk\/vare-kategori\/garderober-tilbehoer\/skoreol\/"},{"@type":"ListItem","position":4,"name":"8427 &#8211; Skoreol 4 hylder"}]},{"@type":"WebSite","@id":"https:\/\/onewood.dk\/#website","url":"https:\/\/onewood.dk\/","name":"One Wood Furniture A\/S","description":"","publisher":{"@id":"https:\/\/onewood.dk\/#organization"},"potentialAction":[{"@type":"SearchAction","target":{"@type":"EntryPoint","urlTemplate":"https:\/\/onewood.dk\/?s={search_term_string}"},"query-input":{"@type":"PropertyValueSpecification","valueRequired":true,"valueName":"search_term_string"}}],"inLanguage":"sv-SE"},{"@type":"Organization","@id":"https:\/\/onewood.dk\/#organization","name":"One Wood Furniture A\/S","url":"https:\/\/onewood.dk\/","logo":{"@type":"ImageObject","inLanguage":"sv-SE","@id":"https:\/\/onewood.dk\/#\/schema\/logo\/image\/","url":"https:\/\/onewood.dk\/wp-content\/uploads\/2024\/12\/Logo.png","contentUrl":"https:\/\/onewood.dk\/wp-content\/uploads\/2024\/12\/Logo.png","width":180,"height":90,"caption":"One Wood Furniture A\/S"},"image":{"@id":"https:\/\/onewood.dk\/#\/schema\/logo\/image\/"}}]}},"_links":{"self":[{"href":"https:\/\/onewood.dk\/sv\/wp-json\/wp\/v2\/product\/1875","targetHints":{"allow":["GET"]}}],"collection":[{"href":"https:\/\/onewood.dk\/sv\/wp-json\/wp\/v2\/product"}],"about":[{"href":"https:\/\/onewood.dk\/sv\/wp-json\/wp\/v2\/types\/product"}],"wp:featuredmedia":[{"embeddable":true,"href":"https:\/\/onewood.dk\/sv\/wp-json\/wp\/v2\/media\/4256"}],"wp:attachment":[{"href":"https:\/\/onewood.dk\/sv\/wp-json\/wp\/v2\/media?parent=1875"}],"wp:term":[{"taxonomy":"product_brand","embeddable":true,"href":"https:\/\/onewood.dk\/sv\/wp-json\/wp\/v2\/product_brand?post=1875"},{"taxonomy":"product_cat","embeddable":true,"href":"https:\/\/onewood.dk\/sv\/wp-json\/wp\/v2\/product_cat?post=1875"},{"taxonomy":"product_tag","embeddable":true,"href":"https:\/\/onewood.dk\/sv\/wp-json\/wp\/v2\/product_tag?post=1875"}],"curies":[{"name":"wp","href":"https:\/\/api.w.org\/{rel}","templated":true}]}}