{"id":1901,"date":"2024-12-03T12:47:58","date_gmt":"2024-12-03T11:47:58","guid":{"rendered":"https:\/\/onewood.dkvare\/23120-reden-oe170-opsaetning\/"},"modified":"2025-03-31T10:12:21","modified_gmt":"2025-03-31T08:12:21","slug":"23120-reden-oe170-opsaetning","status":"publish","type":"product","link":"https:\/\/onewood.dk\/sv\/product\/23120-nest-oe170-installning\/","title":{"rendered":"23120 \u2013 Nest \u00d8170 \u2013 Konfiguration"},"content":{"rendered":"<p>18mm klarlackad bj\u00f6rkplywood<\/p>\n<p>Boet \u00e4r ett element som skapar ett utrymme inom sig sj\u00e4lvt, men ocks\u00e5 utrymme runt det. Ett bo placerat mitt i ett rum bildar snabbt flera olika lekytor.<\/p>\n<p>Boet \u00d8170-inst\u00e4llningen best\u00e5r av:<br \/>\n1 st. 23130 \u2013 Nest \u00d8170 Halv<br \/>\n3 st. 23199 \u2013 Nest \u00d8170 Hel<\/p>\n<p>&nbsp;<\/p>\n<p><strong>K\u00d6PA:<\/strong><br \/>\n<strong>23121<\/strong> \u2013 4 mm plywood bakpanel p\u00e5 insidan eller utsidan av hela hyllan<br \/>\n<strong>23122<\/strong> \u2013 3 mm klar plexiglas bakpanel p\u00e5 insidan eller utsidan av hela hyllan<br \/>\n<strong>23123<\/strong> \u2013 3 mm f\u00e4rgad plexiglasbakpanel p\u00e5 insidan eller utsidan av hela hyllan<\/p>\n<p>Det \u00e4r m\u00f6jligt att k\u00f6pa en madrass.<\/p>","protected":false},"excerpt":{"rendered":"<p>18 mm klarlackerad bj\u00f6rkplywood Boet \u00e4r ett element som skapar ett utrymme i sig, men ocks\u00e5 utrymmen runt det. Ett bo placerat mitt i ett rum skapar snabbt flera olika lekytor. Boet \u00d8170-upps\u00e4ttningen best\u00e5r av: 1 st. 23130 \u2013 Bo \u00d8170 Halvt 3 st. 23199 \u2013 Bo \u00d8170 Helt K\u00d6P: 23121 \u2013 [\u2026]<\/p>","protected":false},"featured_media":4348,"template":"","meta":[],"product_brand":[],"product_cat":[676,567],"product_tag":[],"class_list":{"0":"post-1901","1":"product","2":"type-product","3":"status-publish","4":"has-post-thumbnail","6":"product_cat-reden","7":"product_cat-mobileplay-sortiment","9":"first","10":"instock","11":"product-type-simple"},"yoast_head":"<!-- This site is optimized with the Yoast SEO plugin v24.4 - https:\/\/yoast.com\/wordpress\/plugins\/seo\/ -->\n<title>23120 - Reden \u00d8170 - Ops\u00e6tning | One Wood Furniture A\/S<\/title>\n<meta name=\"robots\" content=\"index, follow, max-snippet:-1, max-image-preview:large, max-video-preview:-1\" \/>\n<link rel=\"canonical\" href=\"https:\/\/onewood.dk\/sv\/product\/23120-nest-oe170-installning\/\" \/>\n<meta property=\"og:locale\" content=\"sv_SE\" \/>\n<meta property=\"og:type\" content=\"article\" \/>\n<meta property=\"og:title\" content=\"23120 - Reden \u00d8170 - Ops\u00e6tning | One Wood Furniture A\/S\" \/>\n<meta property=\"og:description\" content=\"18mm klarlakeret birkekrydsfiner Reden er et element, der danner et rum i sig selv, men ogs\u00e5 rum omkring sig. En rede placeret midt i et rum danner hurtigt flere forskellige lege steder. Reden \u00d8170 ops\u00e6tning best\u00e5r af: 1 stk. 23130 &#8211; Reden \u00d8170 Halv 3 stk. 23199 &#8211; Reden \u00d8170 Hel &nbsp; TILK\u00d8B: 23121 &#8211; [&hellip;]\" \/>\n<meta property=\"og:url\" content=\"https:\/\/onewood.dk\/sv\/product\/23120-nest-oe170-installning\/\" \/>\n<meta property=\"og:site_name\" content=\"One Wood Furniture A\/S\" \/>\n<meta property=\"article:modified_time\" content=\"2025-03-31T08:12:21+00:00\" \/>\n<meta property=\"og:image\" content=\"https:\/\/onewood.dk\/wp-content\/uploads\/2024\/12\/6338-scaled.jpg\" \/>\n\t<meta property=\"og:image:width\" content=\"2560\" \/>\n\t<meta property=\"og:image:height\" content=\"1707\" \/>\n\t<meta property=\"og:image:type\" content=\"image\/jpeg\" \/>\n<meta name=\"twitter:card\" content=\"summary_large_image\" \/>\n<meta name=\"twitter:label1\" content=\"Ber\u00e4knad l\u00e4stid\" \/>\n\t<meta name=\"twitter:data1\" content=\"1 minut\" \/>\n<script type=\"application\/ld+json\" class=\"yoast-schema-graph\">{\"@context\":\"https:\/\/schema.org\",\"@graph\":[{\"@type\":\"WebPage\",\"@id\":\"https:\/\/onewood.dk\/vare\/23120-reden-oe170-opsaetning\/\",\"url\":\"https:\/\/onewood.dk\/vare\/23120-reden-oe170-opsaetning\/\",\"name\":\"23120 - Reden \u00d8170 - Ops\u00e6tning | One Wood Furniture A\/S\",\"isPartOf\":{\"@id\":\"https:\/\/onewood.dk\/#website\"},\"primaryImageOfPage\":{\"@id\":\"https:\/\/onewood.dk\/vare\/23120-reden-oe170-opsaetning\/#primaryimage\"},\"image\":{\"@id\":\"https:\/\/onewood.dk\/vare\/23120-reden-oe170-opsaetning\/#primaryimage\"},\"thumbnailUrl\":\"https:\/\/onewood.dk\/wp-content\/uploads\/2024\/12\/6338-scaled.jpg\",\"datePublished\":\"2024-12-03T11:47:58+00:00\",\"dateModified\":\"2025-03-31T08:12:21+00:00\",\"breadcrumb\":{\"@id\":\"https:\/\/onewood.dk\/vare\/23120-reden-oe170-opsaetning\/#breadcrumb\"},\"inLanguage\":\"sv-SE\",\"potentialAction\":[{\"@type\":\"ReadAction\",\"target\":[\"https:\/\/onewood.dk\/vare\/23120-reden-oe170-opsaetning\/\"]}]},{\"@type\":\"ImageObject\",\"inLanguage\":\"sv-SE\",\"@id\":\"https:\/\/onewood.dk\/vare\/23120-reden-oe170-opsaetning\/#primaryimage\",\"url\":\"https:\/\/onewood.dk\/wp-content\/uploads\/2024\/12\/6338-scaled.jpg\",\"contentUrl\":\"https:\/\/onewood.dk\/wp-content\/uploads\/2024\/12\/6338-scaled.jpg\",\"width\":2560,\"height\":1707},{\"@type\":\"BreadcrumbList\",\"@id\":\"https:\/\/onewood.dk\/vare\/23120-reden-oe170-opsaetning\/#breadcrumb\",\"itemListElement\":[{\"@type\":\"ListItem\",\"position\":1,\"name\":\"Varer\",\"item\":\"https:\/\/onewood.dk\/shop\/\"},{\"@type\":\"ListItem\",\"position\":2,\"name\":\"Mobileplay sortiment\",\"item\":\"https:\/\/onewood.dk\/vare-kategori\/mobileplay-sortiment\/\"},{\"@type\":\"ListItem\",\"position\":3,\"name\":\"Reden\",\"item\":\"https:\/\/onewood.dk\/vare-kategori\/mobileplay-sortiment\/reden\/\"},{\"@type\":\"ListItem\",\"position\":4,\"name\":\"23120 &#8211; Reden \u00d8170 &#8211; Ops\u00e6tning\"}]},{\"@type\":\"WebSite\",\"@id\":\"https:\/\/onewood.dk\/#website\",\"url\":\"https:\/\/onewood.dk\/\",\"name\":\"One Wood Furniture A\/S\",\"description\":\"\",\"publisher\":{\"@id\":\"https:\/\/onewood.dk\/#organization\"},\"potentialAction\":[{\"@type\":\"SearchAction\",\"target\":{\"@type\":\"EntryPoint\",\"urlTemplate\":\"https:\/\/onewood.dk\/?s={search_term_string}\"},\"query-input\":{\"@type\":\"PropertyValueSpecification\",\"valueRequired\":true,\"valueName\":\"search_term_string\"}}],\"inLanguage\":\"sv-SE\"},{\"@type\":\"Organization\",\"@id\":\"https:\/\/onewood.dk\/#organization\",\"name\":\"One Wood Furniture A\/S\",\"url\":\"https:\/\/onewood.dk\/\",\"logo\":{\"@type\":\"ImageObject\",\"inLanguage\":\"sv-SE\",\"@id\":\"https:\/\/onewood.dk\/#\/schema\/logo\/image\/\",\"url\":\"https:\/\/onewood.dk\/wp-content\/uploads\/2024\/12\/Logo.png\",\"contentUrl\":\"https:\/\/onewood.dk\/wp-content\/uploads\/2024\/12\/Logo.png\",\"width\":180,\"height\":90,\"caption\":\"One Wood Furniture A\/S\"},\"image\":{\"@id\":\"https:\/\/onewood.dk\/#\/schema\/logo\/image\/\"}}]}<\/script>\n<!-- \/ Yoast SEO plugin. -->","yoast_head_json":{"title":"23120 - Reden \u00d8170 - Ops\u00e6tning | One Wood Furniture A\/S","robots":{"index":"index","follow":"follow","max-snippet":"max-snippet:-1","max-image-preview":"max-image-preview:large","max-video-preview":"max-video-preview:-1"},"canonical":"https:\/\/onewood.dk\/sv\/product\/23120-nest-oe170-installning\/","og_locale":"sv_SE","og_type":"article","og_title":"23120 - Reden \u00d8170 - Ops\u00e6tning | One Wood Furniture A\/S","og_description":"18mm klarlakeret birkekrydsfiner Reden er et element, der danner et rum i sig selv, men ogs\u00e5 rum omkring sig. En rede placeret midt i et rum danner hurtigt flere forskellige lege steder. Reden \u00d8170 ops\u00e6tning best\u00e5r af: 1 stk. 23130 &#8211; Reden \u00d8170 Halv 3 stk. 23199 &#8211; Reden \u00d8170 Hel &nbsp; TILK\u00d8B: 23121 &#8211; [&hellip;]","og_url":"https:\/\/onewood.dk\/sv\/product\/23120-nest-oe170-installning\/","og_site_name":"One Wood Furniture A\/S","article_modified_time":"2025-03-31T08:12:21+00:00","og_image":[{"width":2560,"height":1707,"url":"https:\/\/onewood.dk\/wp-content\/uploads\/2024\/12\/6338-scaled.jpg","type":"image\/jpeg"}],"twitter_card":"summary_large_image","twitter_misc":{"Ber\u00e4knad l\u00e4stid":"1 minut"},"schema":{"@context":"https:\/\/schema.org","@graph":[{"@type":"WebPage","@id":"https:\/\/onewood.dk\/vare\/23120-reden-oe170-opsaetning\/","url":"https:\/\/onewood.dk\/vare\/23120-reden-oe170-opsaetning\/","name":"23120 - Reden \u00d8170 - Ops\u00e6tning | One Wood Furniture A\/S","isPartOf":{"@id":"https:\/\/onewood.dk\/#website"},"primaryImageOfPage":{"@id":"https:\/\/onewood.dk\/vare\/23120-reden-oe170-opsaetning\/#primaryimage"},"image":{"@id":"https:\/\/onewood.dk\/vare\/23120-reden-oe170-opsaetning\/#primaryimage"},"thumbnailUrl":"https:\/\/onewood.dk\/wp-content\/uploads\/2024\/12\/6338-scaled.jpg","datePublished":"2024-12-03T11:47:58+00:00","dateModified":"2025-03-31T08:12:21+00:00","breadcrumb":{"@id":"https:\/\/onewood.dk\/vare\/23120-reden-oe170-opsaetning\/#breadcrumb"},"inLanguage":"sv-SE","potentialAction":[{"@type":"ReadAction","target":["https:\/\/onewood.dk\/vare\/23120-reden-oe170-opsaetning\/"]}]},{"@type":"ImageObject","inLanguage":"sv-SE","@id":"https:\/\/onewood.dk\/vare\/23120-reden-oe170-opsaetning\/#primaryimage","url":"https:\/\/onewood.dk\/wp-content\/uploads\/2024\/12\/6338-scaled.jpg","contentUrl":"https:\/\/onewood.dk\/wp-content\/uploads\/2024\/12\/6338-scaled.jpg","width":2560,"height":1707},{"@type":"BreadcrumbList","@id":"https:\/\/onewood.dk\/vare\/23120-reden-oe170-opsaetning\/#breadcrumb","itemListElement":[{"@type":"ListItem","position":1,"name":"Varer","item":"https:\/\/onewood.dk\/shop\/"},{"@type":"ListItem","position":2,"name":"Mobileplay sortiment","item":"https:\/\/onewood.dk\/vare-kategori\/mobileplay-sortiment\/"},{"@type":"ListItem","position":3,"name":"Reden","item":"https:\/\/onewood.dk\/vare-kategori\/mobileplay-sortiment\/reden\/"},{"@type":"ListItem","position":4,"name":"23120 &#8211; Reden \u00d8170 &#8211; Ops\u00e6tning"}]},{"@type":"WebSite","@id":"https:\/\/onewood.dk\/#website","url":"https:\/\/onewood.dk\/","name":"One Wood Furniture A\/S","description":"","publisher":{"@id":"https:\/\/onewood.dk\/#organization"},"potentialAction":[{"@type":"SearchAction","target":{"@type":"EntryPoint","urlTemplate":"https:\/\/onewood.dk\/?s={search_term_string}"},"query-input":{"@type":"PropertyValueSpecification","valueRequired":true,"valueName":"search_term_string"}}],"inLanguage":"sv-SE"},{"@type":"Organization","@id":"https:\/\/onewood.dk\/#organization","name":"One Wood Furniture A\/S","url":"https:\/\/onewood.dk\/","logo":{"@type":"ImageObject","inLanguage":"sv-SE","@id":"https:\/\/onewood.dk\/#\/schema\/logo\/image\/","url":"https:\/\/onewood.dk\/wp-content\/uploads\/2024\/12\/Logo.png","contentUrl":"https:\/\/onewood.dk\/wp-content\/uploads\/2024\/12\/Logo.png","width":180,"height":90,"caption":"One Wood Furniture A\/S"},"image":{"@id":"https:\/\/onewood.dk\/#\/schema\/logo\/image\/"}}]}},"_links":{"self":[{"href":"https:\/\/onewood.dk\/sv\/wp-json\/wp\/v2\/product\/1901","targetHints":{"allow":["GET"]}}],"collection":[{"href":"https:\/\/onewood.dk\/sv\/wp-json\/wp\/v2\/product"}],"about":[{"href":"https:\/\/onewood.dk\/sv\/wp-json\/wp\/v2\/types\/product"}],"wp:featuredmedia":[{"embeddable":true,"href":"https:\/\/onewood.dk\/sv\/wp-json\/wp\/v2\/media\/4348"}],"wp:attachment":[{"href":"https:\/\/onewood.dk\/sv\/wp-json\/wp\/v2\/media?parent=1901"}],"wp:term":[{"taxonomy":"product_brand","embeddable":true,"href":"https:\/\/onewood.dk\/sv\/wp-json\/wp\/v2\/product_brand?post=1901"},{"taxonomy":"product_cat","embeddable":true,"href":"https:\/\/onewood.dk\/sv\/wp-json\/wp\/v2\/product_cat?post=1901"},{"taxonomy":"product_tag","embeddable":true,"href":"https:\/\/onewood.dk\/sv\/wp-json\/wp\/v2\/product_tag?post=1901"}],"curies":[{"name":"wp","href":"https:\/\/api.w.org\/{rel}","templated":true}]}}