{"id":1917,"date":"2024-12-03T12:48:01","date_gmt":"2024-12-03T11:48:01","guid":{"rendered":"https:\/\/onewood.dkvare\/23303-legekasse-m-vask-laag\/"},"modified":"2025-03-31T10:19:06","modified_gmt":"2025-03-31T08:19:06","slug":"23303-legekasse-m-vask-laag","status":"publish","type":"product","link":"https:\/\/onewood.dk\/sv\/product\/23303-leklaada-med-diskbankslock\/","title":{"rendered":"23303 \u2013 Lekbox m\/vasklock"},"content":{"rendered":"<p>15 mm klarlackad bj\u00f6rkplywood<\/p>\n<p>Toppplatta med Desktop Linoleum 4166 Charcoal<\/p>\n<p>Vit handfat i plast<\/p>\n<p>Toppplatta \u00e4r monterad med magneter 10mm mellan lock och l\u00e5da<\/p>\n<p>Boxen \u00e4r fodrad p\u00e5 insidan med 3 mm neopren.<\/p>\n<p>Litet plexiglasf\u00f6nster<\/p>","protected":false},"excerpt":{"rendered":"<p>15mm klarlackad bj\u00f6rkplywood Toppskiva med Bordslinoleum 4166 Kol Vit plastdiskb\u00e4nk Toppskiva monteras med magneter 10mm mellan lock och l\u00e5da Boxen \u00e4r fodrad inv\u00e4ndig med 3mm neopren Litet f\u00f6nster av plexiglas<\/p>","protected":false},"featured_media":4396,"template":"","meta":[],"product_brand":[],"product_cat":[678,567],"product_tag":[],"class_list":{"0":"post-1917","1":"product","2":"type-product","3":"status-publish","4":"has-post-thumbnail","6":"product_cat-legekasser","7":"product_cat-mobileplay-sortiment","9":"first","10":"instock","11":"product-type-simple"},"yoast_head":"<!-- This site is optimized with the Yoast SEO plugin v24.4 - https:\/\/yoast.com\/wordpress\/plugins\/seo\/ -->\n<title>23303 - Legekasse m\/vask l\u00e5g | One Wood Furniture A\/S<\/title>\n<meta name=\"robots\" content=\"index, follow, max-snippet:-1, max-image-preview:large, max-video-preview:-1\" \/>\n<link rel=\"canonical\" href=\"https:\/\/onewood.dk\/sv\/product\/23303-leklaada-med-diskbankslock\/\" \/>\n<meta property=\"og:locale\" content=\"sv_SE\" \/>\n<meta property=\"og:type\" content=\"article\" \/>\n<meta property=\"og:title\" content=\"23303 - Legekasse m\/vask l\u00e5g | One Wood Furniture A\/S\" \/>\n<meta property=\"og:description\" content=\"15mm klarlakeret birkekrydsfiner Topplade med Desktop Linoleum 4166 Charcoal Hvid plastik vask Topplade monteres med magneter 10mm mellem l\u00e5g og kasse Kassen er foret indvendigt med 3mm neopren Lille vindue af plexiglas\" \/>\n<meta property=\"og:url\" content=\"https:\/\/onewood.dk\/sv\/product\/23303-leklaada-med-diskbankslock\/\" \/>\n<meta property=\"og:site_name\" content=\"One Wood Furniture A\/S\" \/>\n<meta property=\"article:modified_time\" content=\"2025-03-31T08:19:06+00:00\" \/>\n<meta property=\"og:image\" content=\"https:\/\/onewood.dk\/wp-content\/uploads\/2024\/12\/6390-scaled.jpg\" \/>\n\t<meta property=\"og:image:width\" content=\"2560\" \/>\n\t<meta property=\"og:image:height\" content=\"1707\" \/>\n\t<meta property=\"og:image:type\" content=\"image\/jpeg\" \/>\n<meta name=\"twitter:card\" content=\"summary_large_image\" \/>\n<meta name=\"twitter:label1\" content=\"Ber\u00e4knad l\u00e4stid\" \/>\n\t<meta name=\"twitter:data1\" content=\"1 minut\" \/>\n<script type=\"application\/ld+json\" class=\"yoast-schema-graph\">{\"@context\":\"https:\/\/schema.org\",\"@graph\":[{\"@type\":\"WebPage\",\"@id\":\"https:\/\/onewood.dk\/vare\/23303-legekasse-m-vask-laag\/\",\"url\":\"https:\/\/onewood.dk\/vare\/23303-legekasse-m-vask-laag\/\",\"name\":\"23303 - Legekasse m\/vask l\u00e5g | One Wood Furniture A\/S\",\"isPartOf\":{\"@id\":\"https:\/\/onewood.dk\/#website\"},\"primaryImageOfPage\":{\"@id\":\"https:\/\/onewood.dk\/vare\/23303-legekasse-m-vask-laag\/#primaryimage\"},\"image\":{\"@id\":\"https:\/\/onewood.dk\/vare\/23303-legekasse-m-vask-laag\/#primaryimage\"},\"thumbnailUrl\":\"https:\/\/onewood.dk\/wp-content\/uploads\/2024\/12\/6390-scaled.jpg\",\"datePublished\":\"2024-12-03T11:48:01+00:00\",\"dateModified\":\"2025-03-31T08:19:06+00:00\",\"breadcrumb\":{\"@id\":\"https:\/\/onewood.dk\/vare\/23303-legekasse-m-vask-laag\/#breadcrumb\"},\"inLanguage\":\"sv-SE\",\"potentialAction\":[{\"@type\":\"ReadAction\",\"target\":[\"https:\/\/onewood.dk\/vare\/23303-legekasse-m-vask-laag\/\"]}]},{\"@type\":\"ImageObject\",\"inLanguage\":\"sv-SE\",\"@id\":\"https:\/\/onewood.dk\/vare\/23303-legekasse-m-vask-laag\/#primaryimage\",\"url\":\"https:\/\/onewood.dk\/wp-content\/uploads\/2024\/12\/6390-scaled.jpg\",\"contentUrl\":\"https:\/\/onewood.dk\/wp-content\/uploads\/2024\/12\/6390-scaled.jpg\",\"width\":2560,\"height\":1707},{\"@type\":\"BreadcrumbList\",\"@id\":\"https:\/\/onewood.dk\/vare\/23303-legekasse-m-vask-laag\/#breadcrumb\",\"itemListElement\":[{\"@type\":\"ListItem\",\"position\":1,\"name\":\"Varer\",\"item\":\"https:\/\/onewood.dk\/shop\/\"},{\"@type\":\"ListItem\",\"position\":2,\"name\":\"Mobileplay sortiment\",\"item\":\"https:\/\/onewood.dk\/vare-kategori\/mobileplay-sortiment\/\"},{\"@type\":\"ListItem\",\"position\":3,\"name\":\"Legekasser\",\"item\":\"https:\/\/onewood.dk\/vare-kategori\/mobileplay-sortiment\/legekasser\/\"},{\"@type\":\"ListItem\",\"position\":4,\"name\":\"23303 &#8211; Legekasse m\/vask l\u00e5g\"}]},{\"@type\":\"WebSite\",\"@id\":\"https:\/\/onewood.dk\/#website\",\"url\":\"https:\/\/onewood.dk\/\",\"name\":\"One Wood Furniture A\/S\",\"description\":\"\",\"publisher\":{\"@id\":\"https:\/\/onewood.dk\/#organization\"},\"potentialAction\":[{\"@type\":\"SearchAction\",\"target\":{\"@type\":\"EntryPoint\",\"urlTemplate\":\"https:\/\/onewood.dk\/?s={search_term_string}\"},\"query-input\":{\"@type\":\"PropertyValueSpecification\",\"valueRequired\":true,\"valueName\":\"search_term_string\"}}],\"inLanguage\":\"sv-SE\"},{\"@type\":\"Organization\",\"@id\":\"https:\/\/onewood.dk\/#organization\",\"name\":\"One Wood Furniture A\/S\",\"url\":\"https:\/\/onewood.dk\/\",\"logo\":{\"@type\":\"ImageObject\",\"inLanguage\":\"sv-SE\",\"@id\":\"https:\/\/onewood.dk\/#\/schema\/logo\/image\/\",\"url\":\"https:\/\/onewood.dk\/wp-content\/uploads\/2024\/12\/Logo.png\",\"contentUrl\":\"https:\/\/onewood.dk\/wp-content\/uploads\/2024\/12\/Logo.png\",\"width\":180,\"height\":90,\"caption\":\"One Wood Furniture A\/S\"},\"image\":{\"@id\":\"https:\/\/onewood.dk\/#\/schema\/logo\/image\/\"}}]}<\/script>\n<!-- \/ Yoast SEO plugin. -->","yoast_head_json":{"title":"23303 - Legekasse m\/vask l\u00e5g | One Wood Furniture A\/S","robots":{"index":"index","follow":"follow","max-snippet":"max-snippet:-1","max-image-preview":"max-image-preview:large","max-video-preview":"max-video-preview:-1"},"canonical":"https:\/\/onewood.dk\/sv\/product\/23303-leklaada-med-diskbankslock\/","og_locale":"sv_SE","og_type":"article","og_title":"23303 - Legekasse m\/vask l\u00e5g | One Wood Furniture A\/S","og_description":"15mm klarlakeret birkekrydsfiner Topplade med Desktop Linoleum 4166 Charcoal Hvid plastik vask Topplade monteres med magneter 10mm mellem l\u00e5g og kasse Kassen er foret indvendigt med 3mm neopren Lille vindue af plexiglas","og_url":"https:\/\/onewood.dk\/sv\/product\/23303-leklaada-med-diskbankslock\/","og_site_name":"One Wood Furniture A\/S","article_modified_time":"2025-03-31T08:19:06+00:00","og_image":[{"width":2560,"height":1707,"url":"https:\/\/onewood.dk\/wp-content\/uploads\/2024\/12\/6390-scaled.jpg","type":"image\/jpeg"}],"twitter_card":"summary_large_image","twitter_misc":{"Ber\u00e4knad l\u00e4stid":"1 minut"},"schema":{"@context":"https:\/\/schema.org","@graph":[{"@type":"WebPage","@id":"https:\/\/onewood.dk\/vare\/23303-legekasse-m-vask-laag\/","url":"https:\/\/onewood.dk\/vare\/23303-legekasse-m-vask-laag\/","name":"23303 - Legekasse m\/vask l\u00e5g | One Wood Furniture A\/S","isPartOf":{"@id":"https:\/\/onewood.dk\/#website"},"primaryImageOfPage":{"@id":"https:\/\/onewood.dk\/vare\/23303-legekasse-m-vask-laag\/#primaryimage"},"image":{"@id":"https:\/\/onewood.dk\/vare\/23303-legekasse-m-vask-laag\/#primaryimage"},"thumbnailUrl":"https:\/\/onewood.dk\/wp-content\/uploads\/2024\/12\/6390-scaled.jpg","datePublished":"2024-12-03T11:48:01+00:00","dateModified":"2025-03-31T08:19:06+00:00","breadcrumb":{"@id":"https:\/\/onewood.dk\/vare\/23303-legekasse-m-vask-laag\/#breadcrumb"},"inLanguage":"sv-SE","potentialAction":[{"@type":"ReadAction","target":["https:\/\/onewood.dk\/vare\/23303-legekasse-m-vask-laag\/"]}]},{"@type":"ImageObject","inLanguage":"sv-SE","@id":"https:\/\/onewood.dk\/vare\/23303-legekasse-m-vask-laag\/#primaryimage","url":"https:\/\/onewood.dk\/wp-content\/uploads\/2024\/12\/6390-scaled.jpg","contentUrl":"https:\/\/onewood.dk\/wp-content\/uploads\/2024\/12\/6390-scaled.jpg","width":2560,"height":1707},{"@type":"BreadcrumbList","@id":"https:\/\/onewood.dk\/vare\/23303-legekasse-m-vask-laag\/#breadcrumb","itemListElement":[{"@type":"ListItem","position":1,"name":"Varer","item":"https:\/\/onewood.dk\/shop\/"},{"@type":"ListItem","position":2,"name":"Mobileplay sortiment","item":"https:\/\/onewood.dk\/vare-kategori\/mobileplay-sortiment\/"},{"@type":"ListItem","position":3,"name":"Legekasser","item":"https:\/\/onewood.dk\/vare-kategori\/mobileplay-sortiment\/legekasser\/"},{"@type":"ListItem","position":4,"name":"23303 &#8211; Legekasse m\/vask l\u00e5g"}]},{"@type":"WebSite","@id":"https:\/\/onewood.dk\/#website","url":"https:\/\/onewood.dk\/","name":"One Wood Furniture A\/S","description":"","publisher":{"@id":"https:\/\/onewood.dk\/#organization"},"potentialAction":[{"@type":"SearchAction","target":{"@type":"EntryPoint","urlTemplate":"https:\/\/onewood.dk\/?s={search_term_string}"},"query-input":{"@type":"PropertyValueSpecification","valueRequired":true,"valueName":"search_term_string"}}],"inLanguage":"sv-SE"},{"@type":"Organization","@id":"https:\/\/onewood.dk\/#organization","name":"One Wood Furniture A\/S","url":"https:\/\/onewood.dk\/","logo":{"@type":"ImageObject","inLanguage":"sv-SE","@id":"https:\/\/onewood.dk\/#\/schema\/logo\/image\/","url":"https:\/\/onewood.dk\/wp-content\/uploads\/2024\/12\/Logo.png","contentUrl":"https:\/\/onewood.dk\/wp-content\/uploads\/2024\/12\/Logo.png","width":180,"height":90,"caption":"One Wood Furniture A\/S"},"image":{"@id":"https:\/\/onewood.dk\/#\/schema\/logo\/image\/"}}]}},"_links":{"self":[{"href":"https:\/\/onewood.dk\/sv\/wp-json\/wp\/v2\/product\/1917","targetHints":{"allow":["GET"]}}],"collection":[{"href":"https:\/\/onewood.dk\/sv\/wp-json\/wp\/v2\/product"}],"about":[{"href":"https:\/\/onewood.dk\/sv\/wp-json\/wp\/v2\/types\/product"}],"wp:featuredmedia":[{"embeddable":true,"href":"https:\/\/onewood.dk\/sv\/wp-json\/wp\/v2\/media\/4396"}],"wp:attachment":[{"href":"https:\/\/onewood.dk\/sv\/wp-json\/wp\/v2\/media?parent=1917"}],"wp:term":[{"taxonomy":"product_brand","embeddable":true,"href":"https:\/\/onewood.dk\/sv\/wp-json\/wp\/v2\/product_brand?post=1917"},{"taxonomy":"product_cat","embeddable":true,"href":"https:\/\/onewood.dk\/sv\/wp-json\/wp\/v2\/product_cat?post=1917"},{"taxonomy":"product_tag","embeddable":true,"href":"https:\/\/onewood.dk\/sv\/wp-json\/wp\/v2\/product_tag?post=1917"}],"curies":[{"name":"wp","href":"https:\/\/api.w.org\/{rel}","templated":true}]}}