{"id":1951,"date":"2024-12-03T12:48:07","date_gmt":"2024-12-03T11:48:07","guid":{"rendered":"https:\/\/onewood.dkvare\/8112thsi-kubus-med-siddeniche-husformet-laage\/"},"modified":"2025-06-26T14:56:17","modified_gmt":"2025-06-26T12:56:17","slug":"8112thsi-kubus-med-siddeniche-husformet-laage","status":"publish","type":"product","link":"https:\/\/onewood.dk\/sv\/product\/8112thsi-kub-med-sittnisch-husformad-dorr\/","title":{"rendered":"8112THSI \u2013 Kub med sittnisch, husformad d\u00f6rr"},"content":{"rendered":"<p>15 mm vitpigmenterad bj\u00f6rkplywood<br \/>\nLevereras med ljusgr\u00e5 laminat F7927 p\u00e5 sits och d\u00f6rrar, som fritt kan v\u00e4ljas bland One Woods standard laminatf\u00e4rger.<\/p>\n<p>Med denna praktiska sittnisch finns det inga gr\u00e4nser f\u00f6r de kreativa id\u00e9er du kan sl\u00e4ppa l\u00f6s. Sittdelen \u00e4r tillr\u00e4ckligt stor f\u00f6r en vuxen att sitta i om det beh\u00f6vs komfort eller h\u00f6gl\u00e4sning.<br \/>\nH\u00e4r finns det ocks\u00e5 en m\u00f6jlighet att utveckla god kamratskap och v\u00e4nskap.<br \/>\nDenna m\u00f6bel kommer snabbt att bli institutionens favoritst\u00e4lle.<br \/>\nOvanf\u00f6r nischen finns en inbyggd hylla med m\u00f6jlighet att f\u00f6rvara b\u00f6cker och spel.<br \/>\nSidonisschen m\u00f6jligg\u00f6r ocks\u00e5 att skapa utrymme i rummet f\u00f6r kontemplation.<br \/>\nSidob\u00e4nken kan f\u00f6rses med madrass i m\u00e5nga olika f\u00e4rger.<br \/>\nSidonisschen levereras monterad, den kr\u00e4ver ingen montering.<br \/>\nSidob\u00e4nken kan f\u00f6rses med ljudd\u00e4mpande AQSORB p\u00e5 baksidan, vilket ger extra lugn f\u00f6r kontemplation eller kreativt t\u00e4nkande.<\/p>\n<p>2 st. 8114GL \u2013 Kubusl\u00e5da med plexiglas<br \/>\n1 st. d\u00f6rr med plexiglas<\/p>\n<p>Kan levereras i klarlack, ange vid best\u00e4llning<\/p>\n<p><strong>K\u00d6PA:<br \/>\n<\/strong>8114M2 \u2013 Madrass<\/p>","protected":false},"excerpt":{"rendered":"<p>15 mm vitpigmenterad bj\u00f6rkplywood. Levereras med ljusgr\u00e5tt laminat F7927 p\u00e5 sits och d\u00f6rrar, som fritt kan v\u00e4ljas fr\u00e5n One Woods standardlaminatf\u00e4rger. Med denna praktiska sittnisch finns det inga gr\u00e4nser f\u00f6r vilka kreativa id\u00e9er du kan utveckla. Sittnischen \u00e4r tillr\u00e4ckligt stor f\u00f6r att rymma en vuxen, om det beh\u00f6vs [\u2026]<\/p>","protected":false},"featured_media":4523,"template":"","meta":[],"product_brand":[],"product_cat":[566],"product_tag":[],"class_list":{"0":"post-1951","1":"product","2":"type-product","3":"status-publish","4":"has-post-thumbnail","6":"product_cat-huse-fordybelse","8":"first","9":"instock","10":"product-type-simple"},"yoast_head":"<!-- This site is optimized with the Yoast SEO plugin v24.4 - https:\/\/yoast.com\/wordpress\/plugins\/seo\/ -->\n<title>8112THSI - Kubus med siddeniche husformet l\u00e5ge | One Wood Furniture A\/S<\/title>\n<meta name=\"robots\" content=\"index, follow, max-snippet:-1, max-image-preview:large, max-video-preview:-1\" \/>\n<link rel=\"canonical\" href=\"https:\/\/onewood.dk\/sv\/product\/8112thsi-kub-med-sittnisch-husformad-dorr\/\" \/>\n<meta property=\"og:locale\" content=\"sv_SE\" \/>\n<meta property=\"og:type\" content=\"article\" \/>\n<meta property=\"og:title\" content=\"8112THSI - Kubus med siddeniche husformet l\u00e5ge | One Wood Furniture A\/S\" \/>\n<meta property=\"og:description\" content=\"15mm hvidpigmenteret birkekrydsfiner Leveres med lys gr\u00e5 laminat F7927 p\u00e5 s\u00e6de og l\u00e5ger, der kan frit v\u00e6lges mellem One Woods standard laminatfarver. Med denne praktiske siddeniche, er der ingen gr\u00e6nser for hvad du kan udfolde af kreative id\u00e9er. Siddenichen er stor nok til at der ogs\u00e5 kan sidde en voksen, hvis der er brug for [&hellip;]\" \/>\n<meta property=\"og:url\" content=\"https:\/\/onewood.dk\/sv\/product\/8112thsi-kub-med-sittnisch-husformad-dorr\/\" \/>\n<meta property=\"og:site_name\" content=\"One Wood Furniture A\/S\" \/>\n<meta property=\"article:modified_time\" content=\"2025-06-26T12:56:17+00:00\" \/>\n<meta property=\"og:image\" content=\"https:\/\/onewood.dk\/wp-content\/uploads\/2024\/12\/6617-scaled.jpg\" \/>\n\t<meta property=\"og:image:width\" content=\"2560\" \/>\n\t<meta property=\"og:image:height\" content=\"1707\" \/>\n\t<meta property=\"og:image:type\" content=\"image\/jpeg\" \/>\n<meta name=\"twitter:card\" content=\"summary_large_image\" \/>\n<meta name=\"twitter:label1\" content=\"Ber\u00e4knad l\u00e4stid\" \/>\n\t<meta name=\"twitter:data1\" content=\"2 minuter\" \/>\n<script type=\"application\/ld+json\" class=\"yoast-schema-graph\">{\"@context\":\"https:\/\/schema.org\",\"@graph\":[{\"@type\":\"WebPage\",\"@id\":\"https:\/\/onewood.dk\/vare\/8112thsi-kubus-med-siddeniche-husformet-laage\/\",\"url\":\"https:\/\/onewood.dk\/vare\/8112thsi-kubus-med-siddeniche-husformet-laage\/\",\"name\":\"8112THSI - Kubus med siddeniche husformet l\u00e5ge | One Wood Furniture A\/S\",\"isPartOf\":{\"@id\":\"https:\/\/onewood.dk\/#website\"},\"primaryImageOfPage\":{\"@id\":\"https:\/\/onewood.dk\/vare\/8112thsi-kubus-med-siddeniche-husformet-laage\/#primaryimage\"},\"image\":{\"@id\":\"https:\/\/onewood.dk\/vare\/8112thsi-kubus-med-siddeniche-husformet-laage\/#primaryimage\"},\"thumbnailUrl\":\"https:\/\/onewood.dk\/wp-content\/uploads\/2024\/12\/6617-scaled.jpg\",\"datePublished\":\"2024-12-03T11:48:07+00:00\",\"dateModified\":\"2025-06-26T12:56:17+00:00\",\"breadcrumb\":{\"@id\":\"https:\/\/onewood.dk\/vare\/8112thsi-kubus-med-siddeniche-husformet-laage\/#breadcrumb\"},\"inLanguage\":\"sv-SE\",\"potentialAction\":[{\"@type\":\"ReadAction\",\"target\":[\"https:\/\/onewood.dk\/vare\/8112thsi-kubus-med-siddeniche-husformet-laage\/\"]}]},{\"@type\":\"ImageObject\",\"inLanguage\":\"sv-SE\",\"@id\":\"https:\/\/onewood.dk\/vare\/8112thsi-kubus-med-siddeniche-husformet-laage\/#primaryimage\",\"url\":\"https:\/\/onewood.dk\/wp-content\/uploads\/2024\/12\/6617-scaled.jpg\",\"contentUrl\":\"https:\/\/onewood.dk\/wp-content\/uploads\/2024\/12\/6617-scaled.jpg\",\"width\":2560,\"height\":1707},{\"@type\":\"BreadcrumbList\",\"@id\":\"https:\/\/onewood.dk\/vare\/8112thsi-kubus-med-siddeniche-husformet-laage\/#breadcrumb\",\"itemListElement\":[{\"@type\":\"ListItem\",\"position\":1,\"name\":\"Varer\",\"item\":\"https:\/\/onewood.dk\/shop\/\"},{\"@type\":\"ListItem\",\"position\":2,\"name\":\"Huse \/ Fordybelse\",\"item\":\"https:\/\/onewood.dk\/vare-kategori\/huse-fordybelse\/\"},{\"@type\":\"ListItem\",\"position\":3,\"name\":\"8112THSI &#8211; Kubus med siddeniche husformet l\u00e5ge\"}]},{\"@type\":\"WebSite\",\"@id\":\"https:\/\/onewood.dk\/#website\",\"url\":\"https:\/\/onewood.dk\/\",\"name\":\"One Wood Furniture A\/S\",\"description\":\"\",\"publisher\":{\"@id\":\"https:\/\/onewood.dk\/#organization\"},\"potentialAction\":[{\"@type\":\"SearchAction\",\"target\":{\"@type\":\"EntryPoint\",\"urlTemplate\":\"https:\/\/onewood.dk\/?s={search_term_string}\"},\"query-input\":{\"@type\":\"PropertyValueSpecification\",\"valueRequired\":true,\"valueName\":\"search_term_string\"}}],\"inLanguage\":\"sv-SE\"},{\"@type\":\"Organization\",\"@id\":\"https:\/\/onewood.dk\/#organization\",\"name\":\"One Wood Furniture A\/S\",\"url\":\"https:\/\/onewood.dk\/\",\"logo\":{\"@type\":\"ImageObject\",\"inLanguage\":\"sv-SE\",\"@id\":\"https:\/\/onewood.dk\/#\/schema\/logo\/image\/\",\"url\":\"https:\/\/onewood.dk\/wp-content\/uploads\/2024\/12\/Logo.png\",\"contentUrl\":\"https:\/\/onewood.dk\/wp-content\/uploads\/2024\/12\/Logo.png\",\"width\":180,\"height\":90,\"caption\":\"One Wood Furniture A\/S\"},\"image\":{\"@id\":\"https:\/\/onewood.dk\/#\/schema\/logo\/image\/\"}}]}<\/script>\n<!-- \/ Yoast SEO plugin. -->","yoast_head_json":{"title":"8112THSI - Kubus med siddeniche husformet l\u00e5ge | One Wood Furniture A\/S","robots":{"index":"index","follow":"follow","max-snippet":"max-snippet:-1","max-image-preview":"max-image-preview:large","max-video-preview":"max-video-preview:-1"},"canonical":"https:\/\/onewood.dk\/sv\/product\/8112thsi-kub-med-sittnisch-husformad-dorr\/","og_locale":"sv_SE","og_type":"article","og_title":"8112THSI - Kubus med siddeniche husformet l\u00e5ge | One Wood Furniture A\/S","og_description":"15mm hvidpigmenteret birkekrydsfiner Leveres med lys gr\u00e5 laminat F7927 p\u00e5 s\u00e6de og l\u00e5ger, der kan frit v\u00e6lges mellem One Woods standard laminatfarver. Med denne praktiske siddeniche, er der ingen gr\u00e6nser for hvad du kan udfolde af kreative id\u00e9er. Siddenichen er stor nok til at der ogs\u00e5 kan sidde en voksen, hvis der er brug for [&hellip;]","og_url":"https:\/\/onewood.dk\/sv\/product\/8112thsi-kub-med-sittnisch-husformad-dorr\/","og_site_name":"One Wood Furniture A\/S","article_modified_time":"2025-06-26T12:56:17+00:00","og_image":[{"width":2560,"height":1707,"url":"https:\/\/onewood.dk\/wp-content\/uploads\/2024\/12\/6617-scaled.jpg","type":"image\/jpeg"}],"twitter_card":"summary_large_image","twitter_misc":{"Ber\u00e4knad l\u00e4stid":"2 minuter"},"schema":{"@context":"https:\/\/schema.org","@graph":[{"@type":"WebPage","@id":"https:\/\/onewood.dk\/vare\/8112thsi-kubus-med-siddeniche-husformet-laage\/","url":"https:\/\/onewood.dk\/vare\/8112thsi-kubus-med-siddeniche-husformet-laage\/","name":"8112THSI - Kubus med siddeniche husformet l\u00e5ge | One Wood Furniture A\/S","isPartOf":{"@id":"https:\/\/onewood.dk\/#website"},"primaryImageOfPage":{"@id":"https:\/\/onewood.dk\/vare\/8112thsi-kubus-med-siddeniche-husformet-laage\/#primaryimage"},"image":{"@id":"https:\/\/onewood.dk\/vare\/8112thsi-kubus-med-siddeniche-husformet-laage\/#primaryimage"},"thumbnailUrl":"https:\/\/onewood.dk\/wp-content\/uploads\/2024\/12\/6617-scaled.jpg","datePublished":"2024-12-03T11:48:07+00:00","dateModified":"2025-06-26T12:56:17+00:00","breadcrumb":{"@id":"https:\/\/onewood.dk\/vare\/8112thsi-kubus-med-siddeniche-husformet-laage\/#breadcrumb"},"inLanguage":"sv-SE","potentialAction":[{"@type":"ReadAction","target":["https:\/\/onewood.dk\/vare\/8112thsi-kubus-med-siddeniche-husformet-laage\/"]}]},{"@type":"ImageObject","inLanguage":"sv-SE","@id":"https:\/\/onewood.dk\/vare\/8112thsi-kubus-med-siddeniche-husformet-laage\/#primaryimage","url":"https:\/\/onewood.dk\/wp-content\/uploads\/2024\/12\/6617-scaled.jpg","contentUrl":"https:\/\/onewood.dk\/wp-content\/uploads\/2024\/12\/6617-scaled.jpg","width":2560,"height":1707},{"@type":"BreadcrumbList","@id":"https:\/\/onewood.dk\/vare\/8112thsi-kubus-med-siddeniche-husformet-laage\/#breadcrumb","itemListElement":[{"@type":"ListItem","position":1,"name":"Varer","item":"https:\/\/onewood.dk\/shop\/"},{"@type":"ListItem","position":2,"name":"Huse \/ Fordybelse","item":"https:\/\/onewood.dk\/vare-kategori\/huse-fordybelse\/"},{"@type":"ListItem","position":3,"name":"8112THSI &#8211; Kubus med siddeniche husformet l\u00e5ge"}]},{"@type":"WebSite","@id":"https:\/\/onewood.dk\/#website","url":"https:\/\/onewood.dk\/","name":"One Wood Furniture A\/S","description":"","publisher":{"@id":"https:\/\/onewood.dk\/#organization"},"potentialAction":[{"@type":"SearchAction","target":{"@type":"EntryPoint","urlTemplate":"https:\/\/onewood.dk\/?s={search_term_string}"},"query-input":{"@type":"PropertyValueSpecification","valueRequired":true,"valueName":"search_term_string"}}],"inLanguage":"sv-SE"},{"@type":"Organization","@id":"https:\/\/onewood.dk\/#organization","name":"One Wood Furniture A\/S","url":"https:\/\/onewood.dk\/","logo":{"@type":"ImageObject","inLanguage":"sv-SE","@id":"https:\/\/onewood.dk\/#\/schema\/logo\/image\/","url":"https:\/\/onewood.dk\/wp-content\/uploads\/2024\/12\/Logo.png","contentUrl":"https:\/\/onewood.dk\/wp-content\/uploads\/2024\/12\/Logo.png","width":180,"height":90,"caption":"One Wood Furniture A\/S"},"image":{"@id":"https:\/\/onewood.dk\/#\/schema\/logo\/image\/"}}]}},"_links":{"self":[{"href":"https:\/\/onewood.dk\/sv\/wp-json\/wp\/v2\/product\/1951","targetHints":{"allow":["GET"]}}],"collection":[{"href":"https:\/\/onewood.dk\/sv\/wp-json\/wp\/v2\/product"}],"about":[{"href":"https:\/\/onewood.dk\/sv\/wp-json\/wp\/v2\/types\/product"}],"wp:featuredmedia":[{"embeddable":true,"href":"https:\/\/onewood.dk\/sv\/wp-json\/wp\/v2\/media\/4523"}],"wp:attachment":[{"href":"https:\/\/onewood.dk\/sv\/wp-json\/wp\/v2\/media?parent=1951"}],"wp:term":[{"taxonomy":"product_brand","embeddable":true,"href":"https:\/\/onewood.dk\/sv\/wp-json\/wp\/v2\/product_brand?post=1951"},{"taxonomy":"product_cat","embeddable":true,"href":"https:\/\/onewood.dk\/sv\/wp-json\/wp\/v2\/product_cat?post=1951"},{"taxonomy":"product_tag","embeddable":true,"href":"https:\/\/onewood.dk\/sv\/wp-json\/wp\/v2\/product_tag?post=1951"}],"curies":[{"name":"wp","href":"https:\/\/api.w.org\/{rel}","templated":true}]}}