{"id":1955,"date":"2024-12-03T12:48:07","date_gmt":"2024-12-03T11:48:07","guid":{"rendered":"https:\/\/onewood.dkvare\/8426l-laage-med-laminat\/"},"modified":"2025-02-07T10:42:32","modified_gmt":"2025-02-07T09:42:32","slug":"8426l-laage-med-laminat","status":"publish","type":"product","link":"https:\/\/onewood.dk\/sv\/product\/8426l-dorr-med-laminat\/","title":{"rendered":"8426L \u2013 D\u00f6rr med laminat"},"content":{"rendered":"<p>D\u00f6rr i 15 mm. vitpigmenterad bj\u00f6rkplywood.<\/p>\n<p>Luckan kan med f\u00f6rdel kombineras med en tavelram eller ett urtag f\u00f6r en tavelram, vilket g\u00f6r det l\u00e4ttare f\u00f6r barn och f\u00f6r\u00e4ldrar att identifiera sin egen garderob.<\/p>\n<p>Alla d\u00f6rrar levereras med mjukst\u00e4ngning som standard.<\/p>","protected":false},"excerpt":{"rendered":"<p>D\u00f6rr i 15 mm. vitpigmenterad bj\u00f6rkplywood. Luckan kan med f\u00f6rdel kombineras med en tavelram eller ett urtag f\u00f6r en tavelram, vilket g\u00f6r det l\u00e4ttare f\u00f6r barn och f\u00f6r\u00e4ldrar att identifiera sin egen garderob. Alla d\u00f6rrar levereras med mjukst\u00e4ngning som standard.<\/p>","protected":false},"featured_media":4543,"template":"","meta":[],"product_brand":[],"product_cat":[555,569],"product_tag":[],"class_list":{"0":"post-1955","1":"product","2":"type-product","3":"status-publish","4":"has-post-thumbnail","6":"product_cat-garderober-tilbehoer","7":"product_cat-vaeghaengt-garderobe","9":"first","10":"instock","11":"product-type-simple"},"yoast_head":"<!-- This site is optimized with the Yoast SEO plugin v24.4 - https:\/\/yoast.com\/wordpress\/plugins\/seo\/ -->\n<title>8426L - L\u00e5ge med laminat | One Wood Furniture A\/S<\/title>\n<meta name=\"robots\" content=\"index, follow, max-snippet:-1, max-image-preview:large, max-video-preview:-1\" \/>\n<link rel=\"canonical\" href=\"https:\/\/onewood.dk\/sv\/product\/8426l-dorr-med-laminat\/\" \/>\n<meta property=\"og:locale\" content=\"sv_SE\" \/>\n<meta property=\"og:type\" content=\"article\" \/>\n<meta property=\"og:title\" content=\"8426L - L\u00e5ge med laminat | One Wood Furniture A\/S\" \/>\n<meta property=\"og:description\" content=\"L\u00e5ge i 15 mm. hvidpigmenteret birkekrydsfiner. L\u00e5gen kan med fordel kombineres med en billedramme eller udfr\u00e6sning til billederamme, s\u00e5 det er nemmere for barn og for\u00e6ldre at identificere egen garderobe. Alle l\u00e5ger leveres med soft-luk som standard.\" \/>\n<meta property=\"og:url\" content=\"https:\/\/onewood.dk\/sv\/product\/8426l-dorr-med-laminat\/\" \/>\n<meta property=\"og:site_name\" content=\"One Wood Furniture A\/S\" \/>\n<meta property=\"article:modified_time\" content=\"2025-02-07T09:42:32+00:00\" \/>\n<meta property=\"og:image\" content=\"https:\/\/onewood.dk\/wp-content\/uploads\/2024\/12\/6681-scaled.jpg\" \/>\n\t<meta property=\"og:image:width\" content=\"2560\" \/>\n\t<meta property=\"og:image:height\" content=\"1707\" \/>\n\t<meta property=\"og:image:type\" content=\"image\/jpeg\" \/>\n<meta name=\"twitter:card\" content=\"summary_large_image\" \/>\n<meta name=\"twitter:label1\" content=\"Ber\u00e4knad l\u00e4stid\" \/>\n\t<meta name=\"twitter:data1\" content=\"1 minut\" \/>\n<script type=\"application\/ld+json\" class=\"yoast-schema-graph\">{\"@context\":\"https:\/\/schema.org\",\"@graph\":[{\"@type\":\"WebPage\",\"@id\":\"https:\/\/onewood.dk\/vare\/8426l-laage-med-laminat\/\",\"url\":\"https:\/\/onewood.dk\/vare\/8426l-laage-med-laminat\/\",\"name\":\"8426L - L\u00e5ge med laminat | One Wood Furniture A\/S\",\"isPartOf\":{\"@id\":\"https:\/\/onewood.dk\/#website\"},\"primaryImageOfPage\":{\"@id\":\"https:\/\/onewood.dk\/vare\/8426l-laage-med-laminat\/#primaryimage\"},\"image\":{\"@id\":\"https:\/\/onewood.dk\/vare\/8426l-laage-med-laminat\/#primaryimage\"},\"thumbnailUrl\":\"https:\/\/onewood.dk\/wp-content\/uploads\/2024\/12\/6681-scaled.jpg\",\"datePublished\":\"2024-12-03T11:48:07+00:00\",\"dateModified\":\"2025-02-07T09:42:32+00:00\",\"breadcrumb\":{\"@id\":\"https:\/\/onewood.dk\/vare\/8426l-laage-med-laminat\/#breadcrumb\"},\"inLanguage\":\"sv-SE\",\"potentialAction\":[{\"@type\":\"ReadAction\",\"target\":[\"https:\/\/onewood.dk\/vare\/8426l-laage-med-laminat\/\"]}]},{\"@type\":\"ImageObject\",\"inLanguage\":\"sv-SE\",\"@id\":\"https:\/\/onewood.dk\/vare\/8426l-laage-med-laminat\/#primaryimage\",\"url\":\"https:\/\/onewood.dk\/wp-content\/uploads\/2024\/12\/6681-scaled.jpg\",\"contentUrl\":\"https:\/\/onewood.dk\/wp-content\/uploads\/2024\/12\/6681-scaled.jpg\",\"width\":2560,\"height\":1707},{\"@type\":\"BreadcrumbList\",\"@id\":\"https:\/\/onewood.dk\/vare\/8426l-laage-med-laminat\/#breadcrumb\",\"itemListElement\":[{\"@type\":\"ListItem\",\"position\":1,\"name\":\"Varer\",\"item\":\"https:\/\/onewood.dk\/shop\/\"},{\"@type\":\"ListItem\",\"position\":2,\"name\":\"Garderober &amp; tilbeh\u00f8r\",\"item\":\"https:\/\/onewood.dk\/vare-kategori\/garderober-tilbehoer\/\"},{\"@type\":\"ListItem\",\"position\":3,\"name\":\"V\u00e6gh\u00e6ngt garderobe\",\"item\":\"https:\/\/onewood.dk\/vare-kategori\/garderober-tilbehoer\/vaeghaengt-garderobe\/\"},{\"@type\":\"ListItem\",\"position\":4,\"name\":\"8426L &#8211; L\u00e5ge med laminat\"}]},{\"@type\":\"WebSite\",\"@id\":\"https:\/\/onewood.dk\/#website\",\"url\":\"https:\/\/onewood.dk\/\",\"name\":\"One Wood Furniture A\/S\",\"description\":\"\",\"publisher\":{\"@id\":\"https:\/\/onewood.dk\/#organization\"},\"potentialAction\":[{\"@type\":\"SearchAction\",\"target\":{\"@type\":\"EntryPoint\",\"urlTemplate\":\"https:\/\/onewood.dk\/?s={search_term_string}\"},\"query-input\":{\"@type\":\"PropertyValueSpecification\",\"valueRequired\":true,\"valueName\":\"search_term_string\"}}],\"inLanguage\":\"sv-SE\"},{\"@type\":\"Organization\",\"@id\":\"https:\/\/onewood.dk\/#organization\",\"name\":\"One Wood Furniture A\/S\",\"url\":\"https:\/\/onewood.dk\/\",\"logo\":{\"@type\":\"ImageObject\",\"inLanguage\":\"sv-SE\",\"@id\":\"https:\/\/onewood.dk\/#\/schema\/logo\/image\/\",\"url\":\"https:\/\/onewood.dk\/wp-content\/uploads\/2024\/12\/Logo.png\",\"contentUrl\":\"https:\/\/onewood.dk\/wp-content\/uploads\/2024\/12\/Logo.png\",\"width\":180,\"height\":90,\"caption\":\"One Wood Furniture A\/S\"},\"image\":{\"@id\":\"https:\/\/onewood.dk\/#\/schema\/logo\/image\/\"}}]}<\/script>\n<!-- \/ Yoast SEO plugin. -->","yoast_head_json":{"title":"8426L - L\u00e5ge med laminat | One Wood Furniture A\/S","robots":{"index":"index","follow":"follow","max-snippet":"max-snippet:-1","max-image-preview":"max-image-preview:large","max-video-preview":"max-video-preview:-1"},"canonical":"https:\/\/onewood.dk\/sv\/product\/8426l-dorr-med-laminat\/","og_locale":"sv_SE","og_type":"article","og_title":"8426L - L\u00e5ge med laminat | One Wood Furniture A\/S","og_description":"L\u00e5ge i 15 mm. hvidpigmenteret birkekrydsfiner. L\u00e5gen kan med fordel kombineres med en billedramme eller udfr\u00e6sning til billederamme, s\u00e5 det er nemmere for barn og for\u00e6ldre at identificere egen garderobe. Alle l\u00e5ger leveres med soft-luk som standard.","og_url":"https:\/\/onewood.dk\/sv\/product\/8426l-dorr-med-laminat\/","og_site_name":"One Wood Furniture A\/S","article_modified_time":"2025-02-07T09:42:32+00:00","og_image":[{"width":2560,"height":1707,"url":"https:\/\/onewood.dk\/wp-content\/uploads\/2024\/12\/6681-scaled.jpg","type":"image\/jpeg"}],"twitter_card":"summary_large_image","twitter_misc":{"Ber\u00e4knad l\u00e4stid":"1 minut"},"schema":{"@context":"https:\/\/schema.org","@graph":[{"@type":"WebPage","@id":"https:\/\/onewood.dk\/vare\/8426l-laage-med-laminat\/","url":"https:\/\/onewood.dk\/vare\/8426l-laage-med-laminat\/","name":"8426L - L\u00e5ge med laminat | One Wood Furniture A\/S","isPartOf":{"@id":"https:\/\/onewood.dk\/#website"},"primaryImageOfPage":{"@id":"https:\/\/onewood.dk\/vare\/8426l-laage-med-laminat\/#primaryimage"},"image":{"@id":"https:\/\/onewood.dk\/vare\/8426l-laage-med-laminat\/#primaryimage"},"thumbnailUrl":"https:\/\/onewood.dk\/wp-content\/uploads\/2024\/12\/6681-scaled.jpg","datePublished":"2024-12-03T11:48:07+00:00","dateModified":"2025-02-07T09:42:32+00:00","breadcrumb":{"@id":"https:\/\/onewood.dk\/vare\/8426l-laage-med-laminat\/#breadcrumb"},"inLanguage":"sv-SE","potentialAction":[{"@type":"ReadAction","target":["https:\/\/onewood.dk\/vare\/8426l-laage-med-laminat\/"]}]},{"@type":"ImageObject","inLanguage":"sv-SE","@id":"https:\/\/onewood.dk\/vare\/8426l-laage-med-laminat\/#primaryimage","url":"https:\/\/onewood.dk\/wp-content\/uploads\/2024\/12\/6681-scaled.jpg","contentUrl":"https:\/\/onewood.dk\/wp-content\/uploads\/2024\/12\/6681-scaled.jpg","width":2560,"height":1707},{"@type":"BreadcrumbList","@id":"https:\/\/onewood.dk\/vare\/8426l-laage-med-laminat\/#breadcrumb","itemListElement":[{"@type":"ListItem","position":1,"name":"Varer","item":"https:\/\/onewood.dk\/shop\/"},{"@type":"ListItem","position":2,"name":"Garderober &amp; tilbeh\u00f8r","item":"https:\/\/onewood.dk\/vare-kategori\/garderober-tilbehoer\/"},{"@type":"ListItem","position":3,"name":"V\u00e6gh\u00e6ngt garderobe","item":"https:\/\/onewood.dk\/vare-kategori\/garderober-tilbehoer\/vaeghaengt-garderobe\/"},{"@type":"ListItem","position":4,"name":"8426L &#8211; L\u00e5ge med laminat"}]},{"@type":"WebSite","@id":"https:\/\/onewood.dk\/#website","url":"https:\/\/onewood.dk\/","name":"One Wood Furniture A\/S","description":"","publisher":{"@id":"https:\/\/onewood.dk\/#organization"},"potentialAction":[{"@type":"SearchAction","target":{"@type":"EntryPoint","urlTemplate":"https:\/\/onewood.dk\/?s={search_term_string}"},"query-input":{"@type":"PropertyValueSpecification","valueRequired":true,"valueName":"search_term_string"}}],"inLanguage":"sv-SE"},{"@type":"Organization","@id":"https:\/\/onewood.dk\/#organization","name":"One Wood Furniture A\/S","url":"https:\/\/onewood.dk\/","logo":{"@type":"ImageObject","inLanguage":"sv-SE","@id":"https:\/\/onewood.dk\/#\/schema\/logo\/image\/","url":"https:\/\/onewood.dk\/wp-content\/uploads\/2024\/12\/Logo.png","contentUrl":"https:\/\/onewood.dk\/wp-content\/uploads\/2024\/12\/Logo.png","width":180,"height":90,"caption":"One Wood Furniture A\/S"},"image":{"@id":"https:\/\/onewood.dk\/#\/schema\/logo\/image\/"}}]}},"_links":{"self":[{"href":"https:\/\/onewood.dk\/sv\/wp-json\/wp\/v2\/product\/1955","targetHints":{"allow":["GET"]}}],"collection":[{"href":"https:\/\/onewood.dk\/sv\/wp-json\/wp\/v2\/product"}],"about":[{"href":"https:\/\/onewood.dk\/sv\/wp-json\/wp\/v2\/types\/product"}],"wp:featuredmedia":[{"embeddable":true,"href":"https:\/\/onewood.dk\/sv\/wp-json\/wp\/v2\/media\/4543"}],"wp:attachment":[{"href":"https:\/\/onewood.dk\/sv\/wp-json\/wp\/v2\/media?parent=1955"}],"wp:term":[{"taxonomy":"product_brand","embeddable":true,"href":"https:\/\/onewood.dk\/sv\/wp-json\/wp\/v2\/product_brand?post=1955"},{"taxonomy":"product_cat","embeddable":true,"href":"https:\/\/onewood.dk\/sv\/wp-json\/wp\/v2\/product_cat?post=1955"},{"taxonomy":"product_tag","embeddable":true,"href":"https:\/\/onewood.dk\/sv\/wp-json\/wp\/v2\/product_tag?post=1955"}],"curies":[{"name":"wp","href":"https:\/\/api.w.org\/{rel}","templated":true}]}}