{"id":199,"date":"2024-12-03T09:56:52","date_gmt":"2024-12-03T08:56:52","guid":{"rendered":"https:\/\/onewood.dkvare\/13501-spejl-600-x-1500mm\/"},"modified":"2025-02-26T15:12:10","modified_gmt":"2025-02-26T14:12:10","slug":"13501-spejl-600-x-1500mm","status":"publish","type":"product","link":"https:\/\/onewood.dk\/sv\/product\/13501-spegel-600-x-1500mm\/","title":{"rendered":"13501 \u2013 Spegel 600 x 1500mm"},"content":{"rendered":"<p>S\u00e4kerhetsspegel i 15mm vitpigmenterad bj\u00f6rkplywood med h\u00e4rdat glas och inbyggd s\u00e4kerhetsfolie.<\/p>\n<p>Om s\u00e4kerhetsspegeln \u00e4r skadad kommer den inte att splittras eller p\u00e5 annat s\u00e4tt orsaka skada, eftersom den inbyggda folien ser till att glaset kommer att sitta ihop.<\/p>","protected":false},"excerpt":{"rendered":"<p><strong>M\u00e5l<\/strong> <strong>(inkl. ram):<\/strong> H\u00f6jd: 1500mm. Bredd: 600 mm. Djup: 15 mm.<\/p>\n<p><strong>M\u00e5tt tr\u00e4ram:<\/strong> Bredd: 80 mm. Djup: 15 mm.<\/p>","protected":false},"featured_media":217,"template":"","meta":[],"product_brand":[],"product_cat":[588,559],"product_tag":[],"class_list":{"0":"post-199","1":"product","2":"type-product","3":"status-publish","4":"has-post-thumbnail","6":"product_cat-spejle","7":"product_cat-oevrigt","9":"first","10":"instock","11":"product-type-simple"},"yoast_head":"<!-- This site is optimized with the Yoast SEO plugin v24.4 - https:\/\/yoast.com\/wordpress\/plugins\/seo\/ -->\n<title>13501 - Spejl 600 x 1500mm | One Wood Furniture A\/S<\/title>\n<meta name=\"robots\" content=\"index, follow, max-snippet:-1, max-image-preview:large, max-video-preview:-1\" \/>\n<link rel=\"canonical\" href=\"https:\/\/onewood.dk\/sv\/product\/13501-spegel-600-x-1500mm\/\" \/>\n<meta property=\"og:locale\" content=\"sv_SE\" \/>\n<meta property=\"og:type\" content=\"article\" \/>\n<meta property=\"og:title\" content=\"13501 - Spejl 600 x 1500mm | One Wood Furniture A\/S\" \/>\n<meta property=\"og:description\" content=\"M\u00e5l (inkl. ramme): H\u00f8jde:1500mm. Bredde:600mm. Dybde:15mm.  M\u00e5l tr\u00e6ramme: Bredde:80mm. Dybde:15mm.\" \/>\n<meta property=\"og:url\" content=\"https:\/\/onewood.dk\/sv\/product\/13501-spegel-600-x-1500mm\/\" \/>\n<meta property=\"og:site_name\" content=\"One Wood Furniture A\/S\" \/>\n<meta property=\"article:modified_time\" content=\"2025-02-26T14:12:10+00:00\" \/>\n<meta property=\"og:image\" content=\"https:\/\/onewood.dk\/wp-content\/uploads\/2024\/11\/2468.jpg\" \/>\n\t<meta property=\"og:image:width\" content=\"1600\" \/>\n\t<meta property=\"og:image:height\" content=\"1065\" \/>\n\t<meta property=\"og:image:type\" content=\"image\/jpeg\" \/>\n<meta name=\"twitter:card\" content=\"summary_large_image\" \/>\n<meta name=\"twitter:label1\" content=\"Ber\u00e4knad l\u00e4stid\" \/>\n\t<meta name=\"twitter:data1\" content=\"1 minut\" \/>\n<script type=\"application\/ld+json\" class=\"yoast-schema-graph\">{\"@context\":\"https:\/\/schema.org\",\"@graph\":[{\"@type\":\"WebPage\",\"@id\":\"https:\/\/onewood.dk\/vare\/13501-spejl-600-x-1500mm\/\",\"url\":\"https:\/\/onewood.dk\/vare\/13501-spejl-600-x-1500mm\/\",\"name\":\"13501 - Spejl 600 x 1500mm | One Wood Furniture A\/S\",\"isPartOf\":{\"@id\":\"https:\/\/onewood.dk\/#website\"},\"primaryImageOfPage\":{\"@id\":\"https:\/\/onewood.dk\/vare\/13501-spejl-600-x-1500mm\/#primaryimage\"},\"image\":{\"@id\":\"https:\/\/onewood.dk\/vare\/13501-spejl-600-x-1500mm\/#primaryimage\"},\"thumbnailUrl\":\"https:\/\/onewood.dk\/wp-content\/uploads\/2024\/11\/2468.jpg\",\"datePublished\":\"2024-12-03T08:56:52+00:00\",\"dateModified\":\"2025-02-26T14:12:10+00:00\",\"breadcrumb\":{\"@id\":\"https:\/\/onewood.dk\/vare\/13501-spejl-600-x-1500mm\/#breadcrumb\"},\"inLanguage\":\"sv-SE\",\"potentialAction\":[{\"@type\":\"ReadAction\",\"target\":[\"https:\/\/onewood.dk\/vare\/13501-spejl-600-x-1500mm\/\"]}]},{\"@type\":\"ImageObject\",\"inLanguage\":\"sv-SE\",\"@id\":\"https:\/\/onewood.dk\/vare\/13501-spejl-600-x-1500mm\/#primaryimage\",\"url\":\"https:\/\/onewood.dk\/wp-content\/uploads\/2024\/11\/2468.jpg\",\"contentUrl\":\"https:\/\/onewood.dk\/wp-content\/uploads\/2024\/11\/2468.jpg\",\"width\":1600,\"height\":1065},{\"@type\":\"BreadcrumbList\",\"@id\":\"https:\/\/onewood.dk\/vare\/13501-spejl-600-x-1500mm\/#breadcrumb\",\"itemListElement\":[{\"@type\":\"ListItem\",\"position\":1,\"name\":\"Varer\",\"item\":\"https:\/\/onewood.dk\/shop\/\"},{\"@type\":\"ListItem\",\"position\":2,\"name\":\"\u00d8vrigt\",\"item\":\"https:\/\/onewood.dk\/vare-kategori\/oevrigt\/\"},{\"@type\":\"ListItem\",\"position\":3,\"name\":\"Spejle\",\"item\":\"https:\/\/onewood.dk\/vare-kategori\/oevrigt\/spejle\/\"},{\"@type\":\"ListItem\",\"position\":4,\"name\":\"13501 &#8211; Spejl 600 x 1500mm\"}]},{\"@type\":\"WebSite\",\"@id\":\"https:\/\/onewood.dk\/#website\",\"url\":\"https:\/\/onewood.dk\/\",\"name\":\"One Wood Furniture A\/S\",\"description\":\"\",\"publisher\":{\"@id\":\"https:\/\/onewood.dk\/#organization\"},\"potentialAction\":[{\"@type\":\"SearchAction\",\"target\":{\"@type\":\"EntryPoint\",\"urlTemplate\":\"https:\/\/onewood.dk\/?s={search_term_string}\"},\"query-input\":{\"@type\":\"PropertyValueSpecification\",\"valueRequired\":true,\"valueName\":\"search_term_string\"}}],\"inLanguage\":\"sv-SE\"},{\"@type\":\"Organization\",\"@id\":\"https:\/\/onewood.dk\/#organization\",\"name\":\"One Wood Furniture A\/S\",\"url\":\"https:\/\/onewood.dk\/\",\"logo\":{\"@type\":\"ImageObject\",\"inLanguage\":\"sv-SE\",\"@id\":\"https:\/\/onewood.dk\/#\/schema\/logo\/image\/\",\"url\":\"https:\/\/onewood.dk\/wp-content\/uploads\/2024\/12\/Logo.png\",\"contentUrl\":\"https:\/\/onewood.dk\/wp-content\/uploads\/2024\/12\/Logo.png\",\"width\":180,\"height\":90,\"caption\":\"One Wood Furniture A\/S\"},\"image\":{\"@id\":\"https:\/\/onewood.dk\/#\/schema\/logo\/image\/\"}}]}<\/script>\n<!-- \/ Yoast SEO plugin. -->","yoast_head_json":{"title":"13501 - Spejl 600 x 1500mm | One Wood Furniture A\/S","robots":{"index":"index","follow":"follow","max-snippet":"max-snippet:-1","max-image-preview":"max-image-preview:large","max-video-preview":"max-video-preview:-1"},"canonical":"https:\/\/onewood.dk\/sv\/product\/13501-spegel-600-x-1500mm\/","og_locale":"sv_SE","og_type":"article","og_title":"13501 - Spejl 600 x 1500mm | One Wood Furniture A\/S","og_description":"M\u00e5l (inkl. ramme): H\u00f8jde:1500mm. Bredde:600mm. Dybde:15mm.  M\u00e5l tr\u00e6ramme: Bredde:80mm. Dybde:15mm.","og_url":"https:\/\/onewood.dk\/sv\/product\/13501-spegel-600-x-1500mm\/","og_site_name":"One Wood Furniture A\/S","article_modified_time":"2025-02-26T14:12:10+00:00","og_image":[{"width":1600,"height":1065,"url":"https:\/\/onewood.dk\/wp-content\/uploads\/2024\/11\/2468.jpg","type":"image\/jpeg"}],"twitter_card":"summary_large_image","twitter_misc":{"Ber\u00e4knad l\u00e4stid":"1 minut"},"schema":{"@context":"https:\/\/schema.org","@graph":[{"@type":"WebPage","@id":"https:\/\/onewood.dk\/vare\/13501-spejl-600-x-1500mm\/","url":"https:\/\/onewood.dk\/vare\/13501-spejl-600-x-1500mm\/","name":"13501 - Spejl 600 x 1500mm | One Wood Furniture A\/S","isPartOf":{"@id":"https:\/\/onewood.dk\/#website"},"primaryImageOfPage":{"@id":"https:\/\/onewood.dk\/vare\/13501-spejl-600-x-1500mm\/#primaryimage"},"image":{"@id":"https:\/\/onewood.dk\/vare\/13501-spejl-600-x-1500mm\/#primaryimage"},"thumbnailUrl":"https:\/\/onewood.dk\/wp-content\/uploads\/2024\/11\/2468.jpg","datePublished":"2024-12-03T08:56:52+00:00","dateModified":"2025-02-26T14:12:10+00:00","breadcrumb":{"@id":"https:\/\/onewood.dk\/vare\/13501-spejl-600-x-1500mm\/#breadcrumb"},"inLanguage":"sv-SE","potentialAction":[{"@type":"ReadAction","target":["https:\/\/onewood.dk\/vare\/13501-spejl-600-x-1500mm\/"]}]},{"@type":"ImageObject","inLanguage":"sv-SE","@id":"https:\/\/onewood.dk\/vare\/13501-spejl-600-x-1500mm\/#primaryimage","url":"https:\/\/onewood.dk\/wp-content\/uploads\/2024\/11\/2468.jpg","contentUrl":"https:\/\/onewood.dk\/wp-content\/uploads\/2024\/11\/2468.jpg","width":1600,"height":1065},{"@type":"BreadcrumbList","@id":"https:\/\/onewood.dk\/vare\/13501-spejl-600-x-1500mm\/#breadcrumb","itemListElement":[{"@type":"ListItem","position":1,"name":"Varer","item":"https:\/\/onewood.dk\/shop\/"},{"@type":"ListItem","position":2,"name":"\u00d8vrigt","item":"https:\/\/onewood.dk\/vare-kategori\/oevrigt\/"},{"@type":"ListItem","position":3,"name":"Spejle","item":"https:\/\/onewood.dk\/vare-kategori\/oevrigt\/spejle\/"},{"@type":"ListItem","position":4,"name":"13501 &#8211; Spejl 600 x 1500mm"}]},{"@type":"WebSite","@id":"https:\/\/onewood.dk\/#website","url":"https:\/\/onewood.dk\/","name":"One Wood Furniture A\/S","description":"","publisher":{"@id":"https:\/\/onewood.dk\/#organization"},"potentialAction":[{"@type":"SearchAction","target":{"@type":"EntryPoint","urlTemplate":"https:\/\/onewood.dk\/?s={search_term_string}"},"query-input":{"@type":"PropertyValueSpecification","valueRequired":true,"valueName":"search_term_string"}}],"inLanguage":"sv-SE"},{"@type":"Organization","@id":"https:\/\/onewood.dk\/#organization","name":"One Wood Furniture A\/S","url":"https:\/\/onewood.dk\/","logo":{"@type":"ImageObject","inLanguage":"sv-SE","@id":"https:\/\/onewood.dk\/#\/schema\/logo\/image\/","url":"https:\/\/onewood.dk\/wp-content\/uploads\/2024\/12\/Logo.png","contentUrl":"https:\/\/onewood.dk\/wp-content\/uploads\/2024\/12\/Logo.png","width":180,"height":90,"caption":"One Wood Furniture A\/S"},"image":{"@id":"https:\/\/onewood.dk\/#\/schema\/logo\/image\/"}}]}},"_links":{"self":[{"href":"https:\/\/onewood.dk\/sv\/wp-json\/wp\/v2\/product\/199","targetHints":{"allow":["GET"]}}],"collection":[{"href":"https:\/\/onewood.dk\/sv\/wp-json\/wp\/v2\/product"}],"about":[{"href":"https:\/\/onewood.dk\/sv\/wp-json\/wp\/v2\/types\/product"}],"wp:featuredmedia":[{"embeddable":true,"href":"https:\/\/onewood.dk\/sv\/wp-json\/wp\/v2\/media\/217"}],"wp:attachment":[{"href":"https:\/\/onewood.dk\/sv\/wp-json\/wp\/v2\/media?parent=199"}],"wp:term":[{"taxonomy":"product_brand","embeddable":true,"href":"https:\/\/onewood.dk\/sv\/wp-json\/wp\/v2\/product_brand?post=199"},{"taxonomy":"product_cat","embeddable":true,"href":"https:\/\/onewood.dk\/sv\/wp-json\/wp\/v2\/product_cat?post=199"},{"taxonomy":"product_tag","embeddable":true,"href":"https:\/\/onewood.dk\/sv\/wp-json\/wp\/v2\/product_tag?post=199"}],"curies":[{"name":"wp","href":"https:\/\/api.w.org\/{rel}","templated":true}]}}